{"id":14,"date":"2025-11-18T02:19:40","date_gmt":"2025-11-18T07:19:40","guid":{"rendered":"http:\/\/www.maktub.com.pe\/?page_id=14"},"modified":"2025-11-18T22:24:41","modified_gmt":"2025-11-19T03:24:41","slug":"nosotros","status":"publish","type":"page","link":"http:\/\/www.maktub.com.pe\/?page_id=14","title":{"rendered":"Nosotros"},"content":{"rendered":"\n<div class=\"wp-block-columns is-layout-flex wp-container-core-columns-is-layout-28f84493 wp-block-columns-is-layout-flex\">\n<div class=\"wp-block-column is-layout-flow wp-block-column-is-layout-flow\">\n<p class=\"has-text-align-center has-text-color has-link-color has-large-font-size wp-elements-0297a07b8f8b2048d6b3db5b576de9bc\" style=\"color:#3eb04b\">MISI\u00d3N<\/p>\n\n\n\n<figure class=\"wp-block-image aligncenter size-full is-resized\"><img loading=\"lazy\" decoding=\"async\" width=\"94\" height=\"98\" src=\"http:\/\/www.maktub.com.pe\/wp-content\/uploads\/2025\/11\/FLECHA.jpg\" alt=\"\" class=\"wp-image-77\" style=\"width:59px;height:auto\"\/><\/figure>\n\n\n\n<p class=\"has-text-align-left\"><em>Producir y comercializar productos av\u00edcolas de alta calidad, inocuos y nutritivos, satisfaciendo las necesidades de los consumidores de manera sostenible y responsable, contribuyendo a la seguridad alimentaria y generando valor para la comunidad y el entorno.<\/em><\/p>\n\n\n\n<figure class=\"wp-block-image alignright size-large\"><img loading=\"lazy\" decoding=\"async\" width=\"768\" height=\"1024\" src=\"http:\/\/www.maktub.com.pe\/wp-content\/uploads\/2025\/11\/D_NQ_NP_2X_771184-MPE85726258688_062025-F-1-768x1024.webp\" alt=\"\" class=\"wp-image-80\" srcset=\"http:\/\/www.maktub.com.pe\/wp-content\/uploads\/2025\/11\/D_NQ_NP_2X_771184-MPE85726258688_062025-F-1-768x1024.webp 768w, http:\/\/www.maktub.com.pe\/wp-content\/uploads\/2025\/11\/D_NQ_NP_2X_771184-MPE85726258688_062025-F-1-225x300.webp 225w, http:\/\/www.maktub.com.pe\/wp-content\/uploads\/2025\/11\/D_NQ_NP_2X_771184-MPE85726258688_062025-F-1.webp 900w\" sizes=\"auto, (max-width: 768px) 100vw, 768px\" \/><\/figure>\n<\/div>\n\n\n\n<div class=\"wp-block-column is-layout-flow wp-block-column-is-layout-flow\">\n<p class=\"has-text-align-center has-text-color has-link-color has-large-font-size wp-elements-7a50ac0a49ee312f666462633a2b0ae5\" style=\"color:#3eb04b\">VISI\u00d3N<\/p>\n\n\n\n<figure class=\"wp-block-image aligncenter size-full is-resized\"><img loading=\"lazy\" decoding=\"async\" width=\"94\" height=\"98\" src=\"http:\/\/www.maktub.com.pe\/wp-content\/uploads\/2025\/11\/FLECHA-1.jpg\" alt=\"\" class=\"wp-image-78\" style=\"width:59px;height:auto\"\/><\/figure>\n\n\n\n<p><em>Convertirse en un\u00a0<strong>l\u00edder reconocido<\/strong>\u00a0en la producci\u00f3n av\u00edcola, destac\u00e1ndose por la\u00a0<strong>calidad, innovaci\u00f3n y sostenibilidad<\/strong>. Esto implica mantener\u00a0<strong>altos est\u00e1ndares de bioseguridad y bienestar animal<\/strong>, al tiempo que se\u00a0<strong>satisface la demanda del mercado nacional <\/strong>y gen\u00e9re rentabilidad.\u00a0<\/em><\/p>\n\n\n\n<div class=\"wp-block-columns is-layout-flex wp-container-core-columns-is-layout-28f84493 wp-block-columns-is-layout-flex\">\n<div class=\"wp-block-column is-layout-flow wp-block-column-is-layout-flow\">\n<p class=\"has-text-align-center has-text-color has-link-color has-large-font-size wp-elements-707d41d587db0fce4a66f37dc19df2e1\" style=\"color:#3eb04b\">NUESTROS VALORES<\/p>\n\n\n\n<figure class=\"wp-block-image aligncenter size-full is-resized\"><img loading=\"lazy\" decoding=\"async\" width=\"94\" height=\"98\" src=\"http:\/\/www.maktub.com.pe\/wp-content\/uploads\/2025\/11\/FLECHA-2.jpg\" alt=\"\" class=\"wp-image-79\" style=\"width:58px;height:auto\"\/><\/figure>\n\n\n\n<ul class=\"wp-block-list\">\n<li><em><strong>Trabajo y compromiso:<\/strong>\u00a0El esfuerzo f\u00edsico, la dedicaci\u00f3n, la responsabilidad y el compromiso con la excelencia son pilares fundamentales.<\/em><\/li>\n\n\n\n<li><em><strong>Integridad y honestidad:<\/strong>\u00a0Actuar con veracidad, ser leal y cumplir con la palabra dada son esenciales para generar confianza.<\/em><\/li>\n\n\n\n<li><em><strong>Calidad y excelencia:<\/strong>\u00a0La b\u00fasqueda de productos de alta calidad, tanto en los cultivos como en los animales, es un objetivo constante.<\/em><\/li>\n\n\n\n<li><em><strong>Sostenibilidad y respeto:<\/strong>\u00a0Se valora la gesti\u00f3n responsable de los recursos naturales, el cuidado del medio ambiente y el bienestar animal.<\/em><\/li>\n<\/ul>\n<\/div>\n<\/div>\n<\/div>\n<\/div>\n\n\n<div class=\"logged-out wp-block-loginout\"><a href=\"http:\/\/www.maktub.com.pe\/wp-login.php?redirect_to=http%3A%2F%2Fwww.maktub.com.pe%2Findex.php%3Frest_route%3D%252Fwp%252Fv2%252Fpages%252F14\">Acceder<\/a><\/div>","protected":false},"excerpt":{"rendered":"<p>MISI\u00d3N Producir y comercializar productos av\u00edcolas de alta calidad, inocuos y nutritivos, satisfaciendo las necesidades de los consumidores de manera sostenible y responsable, contribuyendo a la seguridad alimentaria y generando valor para la comunidad y el entorno. VISI\u00d3N Convertirse en un\u00a0l\u00edder reconocido\u00a0en la producci\u00f3n av\u00edcola, destac\u00e1ndose por la\u00a0calidad, innovaci\u00f3n y sostenibilidad. Esto implica mantener\u00a0altos est\u00e1ndares [&hellip;]<\/p>\n","protected":false},"author":1,"featured_media":0,"parent":0,"menu_order":0,"comment_status":"closed","ping_status":"closed","template":"","meta":{"footnotes":""},"class_list":["post-14","page","type-page","status-publish","hentry"],"_links":{"self":[{"href":"http:\/\/www.maktub.com.pe\/index.php?rest_route=\/wp\/v2\/pages\/14","targetHints":{"allow":["GET"]}}],"collection":[{"href":"http:\/\/www.maktub.com.pe\/index.php?rest_route=\/wp\/v2\/pages"}],"about":[{"href":"http:\/\/www.maktub.com.pe\/index.php?rest_route=\/wp\/v2\/types\/page"}],"author":[{"embeddable":true,"href":"http:\/\/www.maktub.com.pe\/index.php?rest_route=\/wp\/v2\/users\/1"}],"replies":[{"embeddable":true,"href":"http:\/\/www.maktub.com.pe\/index.php?rest_route=%2Fwp%2Fv2%2Fcomments&post=14"}],"version-history":[{"count":3,"href":"http:\/\/www.maktub.com.pe\/index.php?rest_route=\/wp\/v2\/pages\/14\/revisions"}],"predecessor-version":[{"id":82,"href":"http:\/\/www.maktub.com.pe\/index.php?rest_route=\/wp\/v2\/pages\/14\/revisions\/82"}],"wp:attachment":[{"href":"http:\/\/www.maktub.com.pe\/index.php?rest_route=%2Fwp%2Fv2%2Fmedia&parent=14"}],"curies":[{"name":"wp","href":"https:\/\/api.w.org\/{rel}","templated":true}]}}